{"id":1400,"date":"2020-05-17T18:40:58","date_gmt":"2020-05-17T16:40:58","guid":{"rendered":"http:\/\/ta-fv-rot.de\/?page_id=1400"},"modified":"2021-07-29T16:09:42","modified_gmt":"2021-07-29T14:09:42","slug":"platz-buchen","status":"publish","type":"page","link":"https:\/\/ta-fv-rot.de\/?page_id=1400","title":{"rendered":"Platz buchen"},"content":{"rendered":"<p>Link zu unserem neuen Buchungssystem<br \/>\n<a href=\"http:\/\/ta-fv-rot.tennis-platz-buchen.de\">&gt;&gt; Buchungssystem TA FV Rot<\/a><\/p>\n<p><img data-recalc-dims=\"1\" loading=\"lazy\" decoding=\"async\" class=\"alignnone wp-image-1894 size-thumbnail\" src=\"https:\/\/i0.wp.com\/ta-fv-rot.de\/wp-content\/uploads\/2021\/07\/QR-Code-Buchungssystem-Link.png?resize=150%2C150\" alt=\"\" width=\"150\" height=\"150\" srcset=\"https:\/\/i0.wp.com\/ta-fv-rot.de\/wp-content\/uploads\/2021\/07\/QR-Code-Buchungssystem-Link.png?resize=150%2C150&amp;ssl=1 150w, https:\/\/i0.wp.com\/ta-fv-rot.de\/wp-content\/uploads\/2021\/07\/QR-Code-Buchungssystem-Link.png?resize=300%2C300&amp;ssl=1 300w, https:\/\/i0.wp.com\/ta-fv-rot.de\/wp-content\/uploads\/2021\/07\/QR-Code-Buchungssystem-Link.png?w=355&amp;ssl=1 355w\" sizes=\"auto, (max-width: 150px) 100vw, 150px\" \/><\/p>\n<p>Hier findet Ihr die Anleitung zum Buchungssystem:<\/p>\n<p><a target=\"_blank\" rel=\"noopener\" href=\"https:\/\/ta-fv-rot.de\/wp-content\/uploads\/2021\/07\/wp-1627567353462.pdf\">Anleitung<\/a><\/p>\n<p>Aufgrund der aktuellen Corona-Situation bez\u00fcglich Nachverfolgung haben wir uns entschlossen ein Online-Buchungssystem einzuf\u00fchren. Ein sehr guter Nebeneffekt ist nat\u00fcrlich dass eine Platzbuchung online gemacht werden kann. Wir erhoffen uns hier eine bessere und effektivere Auslastung unserer Tennispl\u00e4tze.<\/p>\n<p><strong>Registrieren \u2013 Reservieren \u2013 Spielen<\/strong><\/p>\n<p><strong>Nutzungsbedingungen<\/strong><br \/>\nAnmeldung nur f\u00fcr Mitglieder der TA FV Rot mit vollst\u00e4ndigem Vor- und Nachnamen, g\u00fcltiger E-Mail-Adresse und Telefonnummer.<\/p>\n<p>Die Platzordnung ist nach wie vor g\u00fcltig.<\/p>\n<p>Gastspieler bitte bei einer Buchung angeben mit Vorname, Nachname, Anschrift und Telefonnummer. Wenn mehrere Gastspieler auf einem Platz spielen (Doppel) dann bitte alle eintragen, gerne mit ; separieren.<\/p>\n<p>Bei Fragen, Problemen, Anregungen und konstruktiver Kritik bitte einfach bei Guido Ott (0174 7450553) melden.<\/p>\n<p><img data-recalc-dims=\"1\" loading=\"lazy\" decoding=\"async\" class=\"alignnone size-full wp-image-1898\" src=\"https:\/\/i0.wp.com\/ta-fv-rot.de\/wp-content\/uploads\/2021\/07\/Luftbild-Tennisplaetze.png?resize=604%2C604\" alt=\"\" width=\"604\" height=\"604\" srcset=\"https:\/\/i0.wp.com\/ta-fv-rot.de\/wp-content\/uploads\/2021\/07\/Luftbild-Tennisplaetze.png?w=1000&amp;ssl=1 1000w, https:\/\/i0.wp.com\/ta-fv-rot.de\/wp-content\/uploads\/2021\/07\/Luftbild-Tennisplaetze.png?resize=300%2C300&amp;ssl=1 300w, https:\/\/i0.wp.com\/ta-fv-rot.de\/wp-content\/uploads\/2021\/07\/Luftbild-Tennisplaetze.png?resize=150%2C150&amp;ssl=1 150w, https:\/\/i0.wp.com\/ta-fv-rot.de\/wp-content\/uploads\/2021\/07\/Luftbild-Tennisplaetze.png?resize=768%2C768&amp;ssl=1 768w\" sizes=\"auto, (max-width: 604px) 100vw, 604px\" \/><\/p>\n","protected":false},"excerpt":{"rendered":"<p>Link zu unserem neuen Buchungssystem &gt;&gt; Buchungssystem TA FV Rot Hier findet Ihr die Anleitung zum Buchungssystem: Anleitung Aufgrund der aktuellen Corona-Situation bez\u00fcglich Nachverfolgung haben wir uns entschlossen ein Online-Buchungssystem einzuf\u00fchren. Ein sehr guter Nebeneffekt ist nat\u00fcrlich dass eine Platzbuchung online gemacht werden kann. Wir erhoffen uns hier eine bessere und effektivere Auslastung unserer Tennispl\u00e4tze. &hellip; <a href=\"https:\/\/ta-fv-rot.de\/?page_id=1400\" class=\"more-link\"><span class=\"screen-reader-text\">Platz buchen<\/span> weiterlesen <span class=\"meta-nav\">&rarr;<\/span><\/a><\/p>\n","protected":false},"author":1,"featured_media":0,"parent":0,"menu_order":0,"comment_status":"closed","ping_status":"closed","template":"","meta":{"_crdt_document":"","pgc_sgb_lightbox_settings":"","footnotes":""},"class_list":["post-1400","page","type-page","status-publish","hentry"],"jetpack_sharing_enabled":true,"_links":{"self":[{"href":"https:\/\/ta-fv-rot.de\/index.php?rest_route=\/wp\/v2\/pages\/1400","targetHints":{"allow":["GET"]}}],"collection":[{"href":"https:\/\/ta-fv-rot.de\/index.php?rest_route=\/wp\/v2\/pages"}],"about":[{"href":"https:\/\/ta-fv-rot.de\/index.php?rest_route=\/wp\/v2\/types\/page"}],"author":[{"embeddable":true,"href":"https:\/\/ta-fv-rot.de\/index.php?rest_route=\/wp\/v2\/users\/1"}],"replies":[{"embeddable":true,"href":"https:\/\/ta-fv-rot.de\/index.php?rest_route=%2Fwp%2Fv2%2Fcomments&post=1400"}],"version-history":[{"count":14,"href":"https:\/\/ta-fv-rot.de\/index.php?rest_route=\/wp\/v2\/pages\/1400\/revisions"}],"predecessor-version":[{"id":2001,"href":"https:\/\/ta-fv-rot.de\/index.php?rest_route=\/wp\/v2\/pages\/1400\/revisions\/2001"}],"wp:attachment":[{"href":"https:\/\/ta-fv-rot.de\/index.php?rest_route=%2Fwp%2Fv2%2Fmedia&parent=1400"}],"curies":[{"name":"wp","href":"https:\/\/api.w.org\/{rel}","templated":true}]}}