{"id":72,"date":"2017-03-04T14:22:32","date_gmt":"2017-03-04T13:22:32","guid":{"rendered":"http:\/\/localhost:81\/wordpress\/?page_id=72"},"modified":"2020-04-19T16:44:15","modified_gmt":"2020-04-19T16:44:15","slug":"anfahrt","status":"publish","type":"page","link":"https:\/\/ta-fv-rot.de\/?page_id=72","title":{"rendered":"Links"},"content":{"rendered":"<p><a href=\"http:\/\/www.kasse-speedy.de\"><img data-recalc-dims=\"1\" loading=\"lazy\" decoding=\"async\" class=\"alignnone size-medium wp-image-856\" src=\"https:\/\/i0.wp.com\/ta-fv-rot.de\/wp-content\/uploads\/2019\/03\/speedy_logo_full_bl.png?resize=300%2C85\" alt=\"\" width=\"300\" height=\"85\" srcset=\"https:\/\/i0.wp.com\/ta-fv-rot.de\/wp-content\/uploads\/2019\/03\/speedy_logo_full_bl.png?resize=300%2C85&amp;ssl=1 300w, https:\/\/i0.wp.com\/ta-fv-rot.de\/wp-content\/uploads\/2019\/03\/speedy_logo_full_bl.png?resize=768%2C218&amp;ssl=1 768w, https:\/\/i0.wp.com\/ta-fv-rot.de\/wp-content\/uploads\/2019\/03\/speedy_logo_full_bl.png?resize=1024%2C290&amp;ssl=1 1024w, https:\/\/i0.wp.com\/ta-fv-rot.de\/wp-content\/uploads\/2019\/03\/speedy_logo_full_bl.png?w=1208 1208w, https:\/\/i0.wp.com\/ta-fv-rot.de\/wp-content\/uploads\/2019\/03\/speedy_logo_full_bl.png?w=1812 1812w\" sizes=\"auto, (max-width: 300px) 100vw, 300px\" \/><\/a><\/p>\n<p><a href=\"http:\/\/www.kasse-speedy.de\">Wir verwenden Kasse Speedy \u2013 das Kassensystem f\u00fcr Android-Ger\u00e4te<\/a><\/p>\n<p>&nbsp;<\/p>\n<p><img data-recalc-dims=\"1\" loading=\"lazy\" decoding=\"async\" class=\"alignnone wp-image-1341 \" src=\"https:\/\/i0.wp.com\/ta-fv-rot.de\/wp-content\/uploads\/2020\/04\/WTB-Logo.png?resize=106%2C146\" alt=\"\" width=\"106\" height=\"146\" srcset=\"https:\/\/i0.wp.com\/ta-fv-rot.de\/wp-content\/uploads\/2020\/04\/WTB-Logo.png?w=304&amp;ssl=1 304w, https:\/\/i0.wp.com\/ta-fv-rot.de\/wp-content\/uploads\/2020\/04\/WTB-Logo.png?resize=217%2C300&amp;ssl=1 217w\" sizes=\"auto, (max-width: 106px) 100vw, 106px\" \/><\/p>\n<p><a href=\"http:\/\/www.wtb-tennis.de\/\" target=\"_blank\" rel=\"noopener noreferrer\">Zur Homepage des W\u00fcrttembergischen Tennisbundes<\/a> \/ <a href=\"http:\/\/www.wtb-tennis.de\/spielbetrieb\/vereine\/verein\/v\/21030.html\" target=\"_blank\" rel=\"noopener noreferrer\">Vereinsseite<\/a><br \/>\n<a href=\"https:\/\/www.wtb-tennis.de\/spielbetrieb.html\">WTB Spielbetrieb und Dokumente<\/a><br \/>\n<a href=\"https:\/\/www.wtb-tennis.de\/vereinsservice\/regeln-ordnungen.html\">Regeln und Ordnungen<\/a><\/p>\n<p>&nbsp;<\/p>\n<p><img data-recalc-dims=\"1\" loading=\"lazy\" decoding=\"async\" class=\"alignnone wp-image-1340 \" src=\"https:\/\/i0.wp.com\/ta-fv-rot.de\/wp-content\/uploads\/2020\/04\/Logo-FV-Rot.png?resize=116%2C127\" alt=\"\" width=\"116\" height=\"127\" srcset=\"https:\/\/i0.wp.com\/ta-fv-rot.de\/wp-content\/uploads\/2020\/04\/Logo-FV-Rot.png?w=596&amp;ssl=1 596w, https:\/\/i0.wp.com\/ta-fv-rot.de\/wp-content\/uploads\/2020\/04\/Logo-FV-Rot.png?resize=275%2C300&amp;ssl=1 275w\" sizes=\"auto, (max-width: 116px) 100vw, 116px\" \/><\/p>\n<p><a href=\"http:\/\/www.fv-rot.de\" target=\"_blank\" rel=\"noopener noreferrer\">Zur Homepage des FV Rot bei Laupheim<\/a><\/p>\n<p><a href=\"http:\/\/www.musikverein-rot.de\/\"><img data-recalc-dims=\"1\" loading=\"lazy\" decoding=\"async\" class=\"alignnone wp-image-1312\" src=\"https:\/\/i0.wp.com\/ta-fv-rot.de\/wp-content\/uploads\/2020\/04\/Logo-Musikverein-Rot-50-mm.png?resize=202%2C130\" alt=\"\" width=\"202\" height=\"130\" srcset=\"https:\/\/i0.wp.com\/ta-fv-rot.de\/wp-content\/uploads\/2020\/04\/Logo-Musikverein-Rot-50-mm.png?w=591&amp;ssl=1 591w, https:\/\/i0.wp.com\/ta-fv-rot.de\/wp-content\/uploads\/2020\/04\/Logo-Musikverein-Rot-50-mm.png?resize=300%2C194&amp;ssl=1 300w\" sizes=\"auto, (max-width: 202px) 100vw, 202px\" \/><\/a><\/p>\n<p><a href=\"http:\/\/www.musikverein-rot.de\/\">Zur Homepage des Musikverein Rot<\/a><\/p>\n<p>&nbsp;<\/p>\n","protected":false},"excerpt":{"rendered":"<p>Wir verwenden Kasse Speedy \u2013 das Kassensystem f\u00fcr Android-Ger\u00e4te &nbsp; Zur Homepage des W\u00fcrttembergischen Tennisbundes \/ Vereinsseite WTB Spielbetrieb und Dokumente Regeln und Ordnungen &nbsp; Zur Homepage des FV Rot bei Laupheim Zur Homepage des Musikverein Rot &nbsp;<\/p>\n","protected":false},"author":2,"featured_media":0,"parent":0,"menu_order":0,"comment_status":"closed","ping_status":"closed","template":"","meta":{"_crdt_document":"","pgc_sgb_lightbox_settings":"","footnotes":""},"class_list":["post-72","page","type-page","status-publish","hentry"],"jetpack_sharing_enabled":true,"_links":{"self":[{"href":"https:\/\/ta-fv-rot.de\/index.php?rest_route=\/wp\/v2\/pages\/72","targetHints":{"allow":["GET"]}}],"collection":[{"href":"https:\/\/ta-fv-rot.de\/index.php?rest_route=\/wp\/v2\/pages"}],"about":[{"href":"https:\/\/ta-fv-rot.de\/index.php?rest_route=\/wp\/v2\/types\/page"}],"author":[{"embeddable":true,"href":"https:\/\/ta-fv-rot.de\/index.php?rest_route=\/wp\/v2\/users\/2"}],"replies":[{"embeddable":true,"href":"https:\/\/ta-fv-rot.de\/index.php?rest_route=%2Fwp%2Fv2%2Fcomments&post=72"}],"version-history":[{"count":14,"href":"https:\/\/ta-fv-rot.de\/index.php?rest_route=\/wp\/v2\/pages\/72\/revisions"}],"predecessor-version":[{"id":1343,"href":"https:\/\/ta-fv-rot.de\/index.php?rest_route=\/wp\/v2\/pages\/72\/revisions\/1343"}],"wp:attachment":[{"href":"https:\/\/ta-fv-rot.de\/index.php?rest_route=%2Fwp%2Fv2%2Fmedia&parent=72"}],"curies":[{"name":"wp","href":"https:\/\/api.w.org\/{rel}","templated":true}]}}